{"id":163644,"date":"2020-07-07T16:09:04","date_gmt":"2020-07-07T16:09:04","guid":{"rendered":"https:\/\/2021.internetfestival.it\/?page_id=163644"},"modified":"2021-09-14T23:21:56","modified_gmt":"2021-09-14T21:21:56","slug":"aree-tematiche","status":"publish","type":"page","link":"https:\/\/2021.internetfestival.it\/en\/aree-tematiche\/","title":{"rendered":"Thematic Areas"},"content":{"rendered":"<div class=\"generate-columns-container custom_tax_page\" style=\"position: relative; height: auto;\"><article id=\"post-79\" class=\"letter-B post-79 post-slug-bookebook tax-row programma type-programma programma-tax status-publish format-standard generate-columns tablet-grid-50 mobile-grid-100 grid-parent grid-33\" itemtype=\"https:\/\/schema.org\/CreativeWork\" itemscope=\"\" style=\"position: relative; left: 0%; top: 0px;\">\n        <div class=\"inside-article\">\n        <div class=\"post-image\">\n\n        <a href=\"https:\/\/2021.internetfestival.it\/en\/area_tematica\/bookebook\/\">\n        <img width=\"500\" height=\"375\" src=\"https:\/\/2021.internetfestival.it\/wp-content\/uploads\/2021\/09\/IF21_icone-15.svg\" alt=\"Book(e)book\" class=\"attachment-if_large size-if_large wp-post-image\" itemprop=\"image\">\n        <\/a>\n\n        <\/div>\n        <header class=\"entry-header\">\n        <h2 class=\"entry-title\" itemprop=\"headline\">\n        <a href=\"https:\/\/2021.internetfestival.it\/en\/area_tematica\/bookebook\/\" rel=\"bookmark\">Book(e)book<\/a>\n        <\/h2>\n        <\/header><!-- .entry-header -->\n\n\n        <div class=\"entry-summary\" itemprop=\"text\">\n        <p class=\"cus_taxo_desc\">Libri per riflettere, condividere, crescere e costruire un futuro migliore. Libri per superare le paure, libri rifugio, libri ponte, libri che aprono nuove strade. Libri dove i mondi fisici e virtuali sono sempre di pi\u00f9 in continua ibridazione, dove il ...<\/p>\n        <\/div><!-- .entry-summary -->\n\n        <br>\n        <p class=\"read-more-container\">\n        <a title=\"Book(e)book\" class=\"read-more button\" href=\"https:\/\/2021.internetfestival.it\/en\/area_tematica\/bookebook\/\">\n        Leggi tutto\n        <\/a>\n        <\/p>\n\n        <\/div><!-- .inside-article -->\n        <\/article><article id=\"post-277\" class=\"letter-C post-277 post-slug-cibernetica tax-row programma type-programma programma-tax status-publish format-standard generate-columns tablet-grid-50 mobile-grid-100 grid-parent grid-33\" itemtype=\"https:\/\/schema.org\/CreativeWork\" itemscope=\"\" style=\"position: relative; left: 0%; top: 0px;\">\n        <div class=\"inside-article\">\n        <div class=\"post-image\">\n\n        <a href=\"https:\/\/2021.internetfestival.it\/en\/area_tematica\/cibernetica\/\">\n        <img width=\"500\" height=\"375\" src=\"https:\/\/2021.internetfestival.it\/wp-content\/uploads\/2021\/09\/IF21_icone-18.svg\" alt=\"Cibern\/Etica\" class=\"attachment-if_large size-if_large wp-post-image\" itemprop=\"image\">\n        <\/a>\n\n        <\/div>\n        <header class=\"entry-header\">\n        <h2 class=\"entry-title\" itemprop=\"headline\">\n        <a href=\"https:\/\/2021.internetfestival.it\/en\/area_tematica\/cibernetica\/\" rel=\"bookmark\">Cibern\/Etica<\/a>\n        <\/h2>\n        <\/header><!-- .entry-header -->\n\n\n        <div class=\"entry-summary\" itemprop=\"text\">\n        <p class=\"cus_taxo_desc\">Emozioni e sentimenti caratterizzano da sempre l\u2019essere umano e la sua capacit\u00e0 espressiva. Se Cartesio associava le emozioni umane a un antico retaggio animale poco connesso al pensiero cerebrale, Darwin attribuiva loro non solo un carattere di adattamento ma un ...<\/p>\n        <\/div><!-- .entry-summary -->\n\n        <br>\n        <p class=\"read-more-container\">\n        <a title=\"Cibern\/Etica\" class=\"read-more button\" href=\"https:\/\/2021.internetfestival.it\/en\/area_tematica\/cibernetica\/\">\n        Leggi tutto\n        <\/a>\n        <\/p>\n\n        <\/div><!-- .inside-article -->\n        <\/article><article id=\"post-460\" class=\"letter-C post-460 post-slug-evento-collaterale tax-row programma type-programma programma-tax status-publish format-standard generate-columns tablet-grid-50 mobile-grid-100 grid-parent grid-33\" itemtype=\"https:\/\/schema.org\/CreativeWork\" itemscope=\"\" style=\"position: relative; left: 0%; top: 0px;\">\n        <div class=\"inside-article\">\n        <div class=\"post-image\">\n\n        <a href=\"https:\/\/2021.internetfestival.it\/en\/area_tematica\/evento-collaterale\/\">\n        <img width=\"500\" height=\"375\" src=\"https:\/\/2021.internetfestival.it\/wp-content\/themes\/generatepress-child\/images\/if-placeholder.jpg\" alt=\"Evento Collaterale\" class=\"attachment-if_large size-if_large wp-post-image\" itemprop=\"image\">\n        <\/a>\n\n        <\/div>\n        <header class=\"entry-header\">\n        <h2 class=\"entry-title\" itemprop=\"headline\">\n        <a href=\"https:\/\/2021.internetfestival.it\/en\/area_tematica\/evento-collaterale\/\" rel=\"bookmark\">Evento Collaterale<\/a>\n        <\/h2>\n        <\/header><!-- .entry-header -->\n\n\n        <div class=\"entry-summary\" itemprop=\"text\">\n        <p class=\"cus_taxo_desc\">&nbsp; 7 ottobre, Centro Congressi Le Benedettine 7-10 ottobre, Casino dei Nobili 10 ottobre, Logge dei Banchi 30 settembre, 14 ottobre, 28 ottobre, 11 novembre, 25 novembre, 16 dicembre, Online<\/p>\n        <\/div><!-- .entry-summary -->\n\n        <br>\n        <p class=\"read-more-container\">\n        <a title=\"Evento Collaterale\" class=\"read-more button\" href=\"https:\/\/2021.internetfestival.it\/en\/area_tematica\/evento-collaterale\/\">\n        Leggi tutto\n        <\/a>\n        <\/p>\n\n        <\/div><!-- .inside-article -->\n        <\/article><article id=\"post-282\" class=\"letter-P post-282 post-slug-evoluzione-pa tax-row programma type-programma programma-tax status-publish format-standard generate-columns tablet-grid-50 mobile-grid-100 grid-parent grid-33\" itemtype=\"https:\/\/schema.org\/CreativeWork\" itemscope=\"\" style=\"position: relative; left: 0%; top: 0px;\">\n        <div class=\"inside-article\">\n        <div class=\"post-image\">\n\n        <a href=\"https:\/\/2021.internetfestival.it\/en\/area_tematica\/evoluzione-pa\/\">\n        <img width=\"500\" height=\"375\" src=\"https:\/\/2021.internetfestival.it\/wp-content\/uploads\/2021\/09\/IF21_icone-26.svg\" alt=\"Evoluzione PA\" class=\"attachment-if_large size-if_large wp-post-image\" itemprop=\"image\">\n        <\/a>\n\n        <\/div>\n        <header class=\"entry-header\">\n        <h2 class=\"entry-title\" itemprop=\"headline\">\n        <a href=\"https:\/\/2021.internetfestival.it\/en\/area_tematica\/evoluzione-pa\/\" rel=\"bookmark\">Evoluzione PA<\/a>\n        <\/h2>\n        <\/header><!-- .entry-header -->\n\n\n        <div class=\"entry-summary\" itemprop=\"text\">\n        <p class=\"cus_taxo_desc\">Che la PA si evolva verso la digitalizzazione non \u00e8 in discussione. \u00c8 un obiettivo prioritario e inderogabile, che nei prossimi anni porter\u00e0 all\u2019erogazione di servizi pi\u00f9 efficienti, utili ed innovativi per i cittadini e le imprese. \u00c8 un processo ...<\/p>\n        <\/div><!-- .entry-summary -->\n\n        <br>\n        <p class=\"read-more-container\">\n        <a title=\"Evoluzione PA\" class=\"read-more button\" href=\"https:\/\/2021.internetfestival.it\/en\/area_tematica\/evoluzione-pa\/\">\n        Leggi tutto\n        <\/a>\n        <\/p>\n\n        <\/div><!-- .inside-article -->\n        <\/article><article id=\"post-275\" class=\"letter-D post-275 post-slug-gusto-digitale tax-row programma type-programma programma-tax status-publish format-standard generate-columns tablet-grid-50 mobile-grid-100 grid-parent grid-33\" itemtype=\"https:\/\/schema.org\/CreativeWork\" itemscope=\"\" style=\"position: relative; left: 0%; top: 0px;\">\n        <div class=\"inside-article\">\n        <div class=\"post-image\">\n\n        <a href=\"https:\/\/2021.internetfestival.it\/en\/area_tematica\/gusto-digitale\/\">\n        <img width=\"500\" height=\"375\" src=\"https:\/\/2021.internetfestival.it\/wp-content\/uploads\/2021\/09\/IF21_icone-16.svg\" alt=\"Gusto Digitale\" class=\"attachment-if_large size-if_large wp-post-image\" itemprop=\"image\">\n        <\/a>\n\n        <\/div>\n        <header class=\"entry-header\">\n        <h2 class=\"entry-title\" itemprop=\"headline\">\n        <a href=\"https:\/\/2021.internetfestival.it\/en\/area_tematica\/gusto-digitale\/\" rel=\"bookmark\">Gusto Digitale<\/a>\n        <\/h2>\n        <\/header><!-- .entry-header -->\n\n\n        <div class=\"entry-summary\" itemprop=\"text\">\n        <p class=\"cus_taxo_desc\">Il profumo di un piatto ben cucinato o il gusto di un buon calice rientrano tra i piaceri \u201canalogici\u201d di cui non vorremmo privarci. Ma anche la preparazione di una pietanza o l\u2019assaggio di un vino possono avere un\u2019anima \u201cdigitale\u201d, ...<\/p>\n        <\/div><!-- .entry-summary -->\n\n        <br>\n        <p class=\"read-more-container\">\n        <a title=\"Gusto Digitale\" class=\"read-more button\" href=\"https:\/\/2021.internetfestival.it\/en\/area_tematica\/gusto-digitale\/\">\n        Leggi tutto\n        <\/a>\n        <\/p>\n\n        <\/div><!-- .inside-article -->\n        <\/article><article id=\"post-278\" class=\"letter-T post-278 post-slug-legal-tech tax-row programma type-programma programma-tax status-publish format-standard generate-columns tablet-grid-50 mobile-grid-100 grid-parent grid-33\" itemtype=\"https:\/\/schema.org\/CreativeWork\" itemscope=\"\" style=\"position: relative; left: 0%; top: 0px;\">\n        <div class=\"inside-article\">\n        <div class=\"post-image\">\n\n        <a href=\"https:\/\/2021.internetfestival.it\/en\/area_tematica\/legal-tech\/\">\n        <img width=\"500\" height=\"375\" src=\"https:\/\/2021.internetfestival.it\/wp-content\/uploads\/2021\/09\/IF21_icone-19.svg\" alt=\"Legal Tech\" class=\"attachment-if_large size-if_large wp-post-image\" itemprop=\"image\">\n        <\/a>\n\n        <\/div>\n        <header class=\"entry-header\">\n        <h2 class=\"entry-title\" itemprop=\"headline\">\n        <a href=\"https:\/\/2021.internetfestival.it\/en\/area_tematica\/legal-tech\/\" rel=\"bookmark\">Legal Tech<\/a>\n        <\/h2>\n        <\/header><!-- .entry-header -->\n\n\n        <div class=\"entry-summary\" itemprop=\"text\">\n        <p class=\"cus_taxo_desc\">La vita degli uomini si svolge in larga parte anche nel mondo digitale, luogo di relazioni e possibilit\u00e0. Il mondo digitale, esteso e pervasivo, si erge sui dati, \u00e8 capace di dar vita a soluzioni eterogenee di intelligenza artificiale e ...<\/p>\n        <\/div><!-- .entry-summary -->\n\n        <br>\n        <p class=\"read-more-container\">\n        <a title=\"Legal Tech\" class=\"read-more button\" href=\"https:\/\/2021.internetfestival.it\/en\/area_tematica\/legal-tech\/\">\n        Leggi tutto\n        <\/a>\n        <\/p>\n\n        <\/div><!-- .inside-article -->\n        <\/article><article id=\"post-281\" class=\"letter-T post-281 post-slug-open-culture-and-tourism tax-row programma type-programma programma-tax status-publish format-standard generate-columns tablet-grid-50 mobile-grid-100 grid-parent grid-33\" itemtype=\"https:\/\/schema.org\/CreativeWork\" itemscope=\"\" style=\"position: relative; left: 0%; top: 0px;\">\n        <div class=\"inside-article\">\n        <div class=\"post-image\">\n\n        <a href=\"https:\/\/2021.internetfestival.it\/en\/area_tematica\/open-culture-and-tourism\/\">\n        <img width=\"500\" height=\"375\" src=\"https:\/\/2021.internetfestival.it\/wp-content\/uploads\/2021\/09\/IF21_icone-25.svg\" alt=\"Open Culture and Tourism\" class=\"attachment-if_large size-if_large wp-post-image\" itemprop=\"image\">\n        <\/a>\n\n        <\/div>\n        <header class=\"entry-header\">\n        <h2 class=\"entry-title\" itemprop=\"headline\">\n        <a href=\"https:\/\/2021.internetfestival.it\/en\/area_tematica\/open-culture-and-tourism\/\" rel=\"bookmark\">Open Culture and Tourism<\/a>\n        <\/h2>\n        <\/header><!-- .entry-header -->\n\n\n        <div class=\"entry-summary\" itemprop=\"text\">\n        <p class=\"cus_taxo_desc\">#Open Culture significa parlare di come i settori della cultura possano affrontare e stiano affrontando un new normal che non e\u0300 solo, e semplicemente, post- pandemico, ma che prende forma dalla consapevolezza che un certo modo di strutturare l\u2019offerta culturale, ...<\/p>\n        <\/div><!-- .entry-summary -->\n\n        <br>\n        <p class=\"read-more-container\">\n        <a title=\"Open Culture and Tourism\" class=\"read-more button\" href=\"https:\/\/2021.internetfestival.it\/en\/area_tematica\/open-culture-and-tourism\/\">\n        Leggi tutto\n        <\/a>\n        <\/p>\n\n        <\/div><!-- .inside-article -->\n        <\/article><article id=\"post-276\" class=\"letter-P post-276 post-slug-paritalk tax-row programma type-programma programma-tax status-publish format-standard generate-columns tablet-grid-50 mobile-grid-100 grid-parent grid-33\" itemtype=\"https:\/\/schema.org\/CreativeWork\" itemscope=\"\" style=\"position: relative; left: 0%; top: 0px;\">\n        <div class=\"inside-article\">\n        <div class=\"post-image\">\n\n        <a href=\"https:\/\/2021.internetfestival.it\/en\/area_tematica\/paritalk\/\">\n        <img width=\"500\" height=\"375\" src=\"https:\/\/2021.internetfestival.it\/wp-content\/uploads\/2021\/09\/IF21_icone-17.svg\" alt=\"Paritalk\" class=\"attachment-if_large size-if_large wp-post-image\" itemprop=\"image\">\n        <\/a>\n\n        <\/div>\n        <header class=\"entry-header\">\n        <h2 class=\"entry-title\" itemprop=\"headline\">\n        <a href=\"https:\/\/2021.internetfestival.it\/en\/area_tematica\/paritalk\/\" rel=\"bookmark\">Paritalk<\/a>\n        <\/h2>\n        <\/header><!-- .entry-header -->\n\n\n        <div class=\"entry-summary\" itemprop=\"text\">\n        <p class=\"cus_taxo_desc\">\u201cIl concetto di uguaglianza \u00e8 molto bello, ma nasconde una profonda debolezza\u201d, scrive Lorenzo Gasparrini in \u201cPerch\u00e9 il femminismo serve anche agli uomini\u201d. \u201cSe esiste una condizione di disparit\u00e0, una gerarchia di potere, una differenza economica, una diversit\u00e0 culturale, l\u2019uguaglianza ...<\/p>\n        <\/div><!-- .entry-summary -->\n\n        <br>\n        <p class=\"read-more-container\">\n        <a title=\"Paritalk\" class=\"read-more button\" href=\"https:\/\/2021.internetfestival.it\/en\/area_tematica\/paritalk\/\">\n        Leggi tutto\n        <\/a>\n        <\/p>\n\n        <\/div><!-- .inside-article -->\n        <\/article><article id=\"post-280\" class=\"letter-S post-280 post-slug-restare-svaghi tax-row programma type-programma programma-tax status-publish format-standard generate-columns tablet-grid-50 mobile-grid-100 grid-parent grid-33\" itemtype=\"https:\/\/schema.org\/CreativeWork\" itemscope=\"\" style=\"position: relative; left: 0%; top: 0px;\">\n        <div class=\"inside-article\">\n        <div class=\"post-image\">\n\n        <a href=\"https:\/\/2021.internetfestival.it\/en\/area_tematica\/restare-svaghi\/\">\n        <img width=\"500\" height=\"375\" src=\"https:\/\/2021.internetfestival.it\/wp-content\/uploads\/2021\/09\/IF21_icone-24.svg\" alt=\"Restare Svaghi\" class=\"attachment-if_large size-if_large wp-post-image\" itemprop=\"image\">\n        <\/a>\n\n        <\/div>\n        <header class=\"entry-header\">\n        <h2 class=\"entry-title\" itemprop=\"headline\">\n        <a href=\"https:\/\/2021.internetfestival.it\/en\/area_tematica\/restare-svaghi\/\" rel=\"bookmark\">Restare Svaghi<\/a>\n        <\/h2>\n        <\/header><!-- .entry-header -->\n\n\n        <div class=\"entry-summary\" itemprop=\"text\">\n        <p class=\"cus_taxo_desc\">Non \u00e8 facile trattenere l&#8217;ottimismo e la voglia di divertirsi in questi anni particolari. Per fortuna la rete e il digitale ci stanno aiutando a mantenere il sorriso, fornendoci svaghi alternativi sempre pi\u00f9 diffusi, nelle nostre vite e nei momenti ...<\/p>\n        <\/div><!-- .entry-summary -->\n\n        <br>\n        <p class=\"read-more-container\">\n        <a title=\"Restare Svaghi\" class=\"read-more button\" href=\"https:\/\/2021.internetfestival.it\/en\/area_tematica\/restare-svaghi\/\">\n        Leggi tutto\n        <\/a>\n        <\/p>\n\n        <\/div><!-- .inside-article -->\n        <\/article><article id=\"post-279\" class=\"letter-( post-279 post-slug-stati-antifragili tax-row programma type-programma programma-tax status-publish format-standard generate-columns tablet-grid-50 mobile-grid-100 grid-parent grid-33\" itemtype=\"https:\/\/schema.org\/CreativeWork\" itemscope=\"\" style=\"position: relative; left: 0%; top: 0px;\">\n        <div class=\"inside-article\">\n        <div class=\"post-image\">\n\n        <a href=\"https:\/\/2021.internetfestival.it\/en\/area_tematica\/stati-antifragili\/\">\n        <img width=\"500\" height=\"375\" src=\"https:\/\/2021.internetfestival.it\/wp-content\/uploads\/2021\/09\/IF21_icone-20.svg\" alt=\"Stati (Anti)fragili\" class=\"attachment-if_large size-if_large wp-post-image\" itemprop=\"image\">\n        <\/a>\n\n        <\/div>\n        <header class=\"entry-header\">\n        <h2 class=\"entry-title\" itemprop=\"headline\">\n        <a href=\"https:\/\/2021.internetfestival.it\/en\/area_tematica\/stati-antifragili\/\" rel=\"bookmark\">Stati (Anti)fragili<\/a>\n        <\/h2>\n        <\/header><!-- .entry-header -->\n\n\n        <div class=\"entry-summary\" itemprop=\"text\">\n        <p class=\"cus_taxo_desc\">Chi \u00e8 che governa: il leader politico nazionale oppure le piattaforme digitali sovranazionali? Il favore popolare o chi detiene i dati? Chi ha diritto di veto: il decisore politico o i CEO dei social network? Che barriera rappresentano i confini ...<\/p>\n        <\/div><!-- .entry-summary -->\n\n        <br>\n        <p class=\"read-more-container\">\n        <a title=\"Stati (Anti)fragili\" class=\"read-more button\" href=\"https:\/\/2021.internetfestival.it\/en\/area_tematica\/stati-antifragili\/\">\n        Leggi tutto\n        <\/a>\n        <\/p>\n\n        <\/div><!-- .inside-article -->\n        <\/article><article id=\"post-29\" class=\"letter-T post-29 post-slug-ttour tax-row programma type-programma programma-tax status-publish format-standard generate-columns tablet-grid-50 mobile-grid-100 grid-parent grid-33\" itemtype=\"https:\/\/schema.org\/CreativeWork\" itemscope=\"\" style=\"position: relative; left: 0%; top: 0px;\">\n        <div class=\"inside-article\">\n        <div class=\"post-image\">\n\n        <a href=\"https:\/\/2021.internetfestival.it\/en\/area_tematica\/ttour\/\">\n        <img width=\"500\" height=\"375\" src=\"https:\/\/2021.internetfestival.it\/wp-content\/uploads\/2021\/09\/IF21_icone-14.svg\" alt=\"T-Tour\" class=\"attachment-if_large size-if_large wp-post-image\" itemprop=\"image\">\n        <\/a>\n\n        <\/div>\n        <header class=\"entry-header\">\n        <h2 class=\"entry-title\" itemprop=\"headline\">\n        <a href=\"https:\/\/2021.internetfestival.it\/en\/area_tematica\/ttour\/\" rel=\"bookmark\">T-Tour<\/a>\n        <\/h2>\n        <\/header><!-- .entry-header -->\n\n\n        <div class=\"entry-summary\" itemprop=\"text\">\n        <p class=\"cus_taxo_desc\">Cosa sono i T-Tour? I percorsi formativi ed educativi dell\u2019area T-Tour (Tutorial Tour) costituiscono un punto di forza di Internet Festival. Obiettivo dei T-Tour \u00e8 stimolare la curiosit\u00e0 nei confronti dell\u2019innovazione digitale e proporre strumenti utili a orientarsi nello sconfinato ...<\/p>\n        <\/div><!-- .entry-summary -->\n\n        <br>\n        <p class=\"read-more-container\">\n        <a title=\"T-Tour\" class=\"read-more button\" href=\"https:\/\/2021.internetfestival.it\/en\/area_tematica\/ttour\/\">\n        Leggi tutto\n        <\/a>\n        <\/p>\n\n        <\/div><!-- .inside-article -->\n        <\/article><div style=\"clear:both;\"><\/div><div class=\"site-content custom_pagination\"><\/div><\/div>","protected":false},"excerpt":{"rendered":"","protected":false},"author":1,"featured_media":166679,"parent":0,"menu_order":0,"comment_status":"closed","ping_status":"closed","template":"","meta":[],"_links":{"self":[{"href":"https:\/\/2021.internetfestival.it\/en\/wp-json\/wp\/v2\/pages\/163644"}],"collection":[{"href":"https:\/\/2021.internetfestival.it\/en\/wp-json\/wp\/v2\/pages"}],"about":[{"href":"https:\/\/2021.internetfestival.it\/en\/wp-json\/wp\/v2\/types\/page"}],"author":[{"embeddable":true,"href":"https:\/\/2021.internetfestival.it\/en\/wp-json\/wp\/v2\/users\/1"}],"replies":[{"embeddable":true,"href":"https:\/\/2021.internetfestival.it\/en\/wp-json\/wp\/v2\/comments?post=163644"}],"version-history":[{"count":1,"href":"https:\/\/2021.internetfestival.it\/en\/wp-json\/wp\/v2\/pages\/163644\/revisions"}],"predecessor-version":[{"id":163645,"href":"https:\/\/2021.internetfestival.it\/en\/wp-json\/wp\/v2\/pages\/163644\/revisions\/163645"}],"wp:featuredmedia":[{"embeddable":true,"href":"https:\/\/2021.internetfestival.it\/en\/wp-json\/wp\/v2\/media\/166679"}],"wp:attachment":[{"href":"https:\/\/2021.internetfestival.it\/en\/wp-json\/wp\/v2\/media?parent=163644"}],"curies":[{"name":"wp","href":"https:\/\/api.w.org\/{rel}","templated":true}]}}